{"id":2,"date":"2019-03-27T08:41:35","date_gmt":"2019-03-27T08:41:35","guid":{"rendered":"http:\/\/gokbocki.pl\/?page_id=2"},"modified":"2019-04-04T13:41:44","modified_gmt":"2019-04-04T11:41:44","slug":"przykladowa-strona","status":"publish","type":"page","link":"https:\/\/gokbocki.pl\/index.php\/przykladowa-strona\/","title":{"rendered":"Aktualno\u015bci"},"content":{"rendered":"\n<p>Gminny \nO\u015brodek Kultury w Bo\u0107kach prowadzi dzia\u0142alno\u015b\u0107 w zakresie \nupowszechniania kultury na podstawie Statutu Gminnego O\u015brodka Kultury i \nSportu nadanego uchwa\u0142\u0105 Rady Gminy Bo\u0107ki. &nbsp;<\/p>\n\n\n\n<p>Do podstawowych zada\u0144 o\u015brodka nale\u017cy w szczeg\u00f3lno\u015bci:<\/p>\n\n\n\n<p>\u2013 edukacja kulturalna i wychowanie przez sztuk\u0119,<\/p>\n\n\n\n<p>\u2013 tworzenie warunk\u00f3w dla rozwoju amatorskiego ruchu artystycznego,<\/p>\n\n\n\n<p>\u2013 prowadzenie, dokumentowanie, tworzenie, udost\u0119pnianie i ochrona d\u00f3br kultury,<\/p>\n\n\n\n<p>\u2013 rozpowszechnianie, rozbudzanie i zaspokajanie potrzeb i zainteresowa\u0144 kulturalnych i sportowych spo\u0142ecze\u0144stwa,<\/p>\n\n\n\n<p>&#8211; organizowanie koncert\u00f3w, imprez, konkurs\u00f3w, spotka\u0144,<\/p>\n\n\n\n<p>&#8211; prowadzenie zespo\u0142\u00f3w i k\u00f3\u0142 zainteresowa\u0144,<\/p>\n\n\n\n<p>&#8211; promocja tw\u00f3rc\u00f3w i artyst\u00f3w regionu.&nbsp;&nbsp;&nbsp;&nbsp;&nbsp;&nbsp;&nbsp;&nbsp;&nbsp;&nbsp;&nbsp; &nbsp;<\/p>\n\n\n\n<p>Gminny  O\u015brodek Kultury w Bo\u0107kach posiada sal\u0119 wielofunkcyjn\u0105, pomieszczenia biurowe i kuchenne, gara\u017c oraz  pomieszczenia Centrum Kulturalno-Turystycznego Gminy Bo\u0107ki. W wy\u017cej  wymienionych obiektach prowadzona jest statutowa dzia\u0142alno\u015b\u0107, kt\u00f3ra w g\u0142\u00f3wnej mierze wyznaczana jest&nbsp; potrzebami i zainteresowaniami  mieszka\u0144c\u00f3w Gminy, min.:<\/p>\n\n\n\n<p>W ramach dzia\u0142alno\u015bci Gminnego O\u015brodka Kultury w Bo\u0107kach odbywa\u0142y si\u0119 cykliczne zaj\u0119cia.<\/p>\n\n\n\n<p><strong>&#8211; \u201eCztery pory roku\u201d \u2013 spotkania z dzie\u0107mi.<\/strong><\/p>\n\n\n\n<p>Zaj\u0119cia z cyklu \u201eCztery pory roku\u201d odbywaj\u0105 si\u0119 co tydzie\u0144 w ka\u017cdy czwartek. Podczas tych  spotka\u0144, uczestnicy rozwijaj\u0105 swoje zdolno\u015bci manualne poprzez zadania  plastyczne. Ucz\u0105 si\u0119 nowych technik malarstwa, rysunku i grafiki. Maj\u0105  tak\u017ce mo\u017cliwo\u015b\u0107 skorzystania z wyposa\u017cenia GOK-u, np.: graj\u0105 na perkusji,  \u015bpiewaj\u0105 do mikrofon\u00f3w, \u0107wicz\u0105 swoje umiej\u0119tno\u015bci w grze w ping ponga oraz bilard.&nbsp; Zaj\u0119cia s\u0105 przede wszystkim okazj\u0105 do spotka\u0144  towarzyskich.<\/p>\n\n\n\n<p><strong>&#8211; Pr\u00f3by Zespo\u0142u Folklorystycznego &#8222;Klekociaki&#8221;<\/strong><\/p>\n\n\n\n<p>Pr\u00f3by zespo\u0142u Klekociaki odbywaj\u0105 si\u0119 1-2 razy w tygodniu. Podczas tych spotka\u0144 cz\u0142onkowie  zespo\u0142u maj\u0105 mo\u017cliwo\u015b\u0107 utrwalenia zdobytych umiej\u0119tno\u015bci  wokalno-tanecznych, przygotowuj\u0105c si\u0119 tym samym do kolejnych wyst\u0119p\u00f3w.<\/p>\n\n\n\n<p><strong>&#8211; Pr\u00f3by Orkiestry D\u0119tej OSP Bo\u0107ki<\/strong><\/p>\n\n\n\n<p>Odbywaj\u0105  si\u0119 przynajmniej raz w tygodniu, najcz\u0119\u015bciej w soboty. W sezonie zimowym  pr\u00f3by polegaj\u0105 g\u0142\u00f3wnie na zebraniu i przygotowywaniu repertuaru na sezon letni, w kt\u00f3rym to odbywaj\u0105 si\u0119 liczne przegl\u0105dy, konkursy oraz  imprezy w kt\u00f3rych orkiestra bierze aktywny udzia\u0142. Pr\u00f3by sezonu letniego opieraj\u0105 si\u0119 ju\u017c na ostatnich szlifach utwor\u00f3w przygotowywanych na przegl\u0105dy oraz ustaleniach organizacyjnych zwi\u0105zanych z owymi wyjazdami. <\/p>\n\n\n\n<p class=\"has-medium-font-size\">W chwili obecnej Orkiestra D\u0119ta OSP Bo\u0107ki stale poszukuje os\u00f3b z pasj\u0105 i wizj\u0105. <\/p>\n\n\n\n<p><strong>&#8211; Spotkania Klubu Seniora \u2013 \u201eR\u00f3\u017ce Jesieni\u201d <\/strong><\/p>\n\n\n\n<p>Spotkania odbywaj\u0105 si\u0119 w poniedzia\u0142ki i \u015brody. Celem spotka\u0144 jest aktywizacja spo\u0142eczno\u015bci \u201etrzeciego wieku\u201d oraz integracja mi\u0119dzy nimi podczas r\u00f3\u017cnego rodzaju  wieczork\u00f3w oraz zaj\u0119\u0107 artystycznych prowadzonych przez profesjonalnych instruktor\u00f3w.<\/p>\n\n\n\n<p><strong>Gminny O\u015brodek Kultury wsp\u00f3\u0142pracuje z :<\/strong><\/p>\n\n\n\n<p>&#8211; Gminn\u0105 Komisj\u0105 Rozwi\u0105zywania Problem\u00f3w Alkoholowych,<\/p>\n\n\n\n<p>&#8211; Ochotnicz\u0105 Stra\u017c\u0105 Po\u017carn\u0105 w Bo\u0107kach,<\/p>\n\n\n\n<p>&#8211; Instytutem Pami\u0119ci Narodowej,<\/p>\n\n\n\n<p>&#8211; Instytutem Dzia\u0142alno\u015bci Publicznej,<\/p>\n\n\n\n<p>&#8211; KRUS,<\/p>\n\n\n\n<p>&#8211; Civitas Chrystiana,<\/p>\n\n\n\n<p>&#8211; WOAK oraz O\u015brodkami Kultury z terenu wojew\u00f3dztwa.<\/p>\n","protected":false},"excerpt":{"rendered":"<p>Gminny O\u015brodek Kultury w Bo\u0107kach prowadzi dzia\u0142alno\u015b\u0107 w zakresie upowszechniania kultury na podstawie Statutu Gminnego O\u015brodka Kultury i Sportu nadanego uchwa\u0142\u0105 Rady Gminy Bo\u0107ki. &nbsp; Do podstawowych zada\u0144 o\u015brodka nale\u017cy w szczeg\u00f3lno\u015bci: \u2013 edukacja kulturalna i wychowanie przez sztuk\u0119, \u2013 tworzenie warunk\u00f3w dla rozwoju amatorskiego ruchu artystycznego, \u2013 prowadzenie, dokumentowanie, tworzenie, udost\u0119pnianie i ochrona d\u00f3br [&hellip;]<\/p>\n","protected":false},"author":1,"featured_media":0,"parent":0,"menu_order":0,"comment_status":"closed","ping_status":"open","template":"","meta":[],"yoast_head":"<!-- This site is optimized with the Yoast SEO plugin v20.2.1 - https:\/\/yoast.com\/wordpress\/plugins\/seo\/ -->\n<title>Aktualno\u015bci - Gminny O\u015brodek Kultury w Bo\u0107kach<\/title>\n<meta name=\"robots\" content=\"index, follow, max-snippet:-1, max-image-preview:large, max-video-preview:-1\" \/>\n<link rel=\"canonical\" href=\"https:\/\/gokbocki.pl\/index.php\/przykladowa-strona\/\" \/>\n<meta property=\"og:locale\" content=\"pl_PL\" \/>\n<meta property=\"og:type\" content=\"article\" \/>\n<meta property=\"og:title\" content=\"Aktualno\u015bci - Gminny O\u015brodek Kultury w Bo\u0107kach\" \/>\n<meta property=\"og:description\" content=\"Gminny O\u015brodek Kultury w Bo\u0107kach prowadzi dzia\u0142alno\u015b\u0107 w zakresie upowszechniania kultury na podstawie Statutu Gminnego O\u015brodka Kultury i Sportu nadanego uchwa\u0142\u0105 Rady Gminy Bo\u0107ki. &nbsp; Do podstawowych zada\u0144 o\u015brodka nale\u017cy w szczeg\u00f3lno\u015bci: \u2013 edukacja kulturalna i wychowanie przez sztuk\u0119, \u2013 tworzenie warunk\u00f3w dla rozwoju amatorskiego ruchu artystycznego, \u2013 prowadzenie, dokumentowanie, tworzenie, udost\u0119pnianie i ochrona d\u00f3br [&hellip;]\" \/>\n<meta property=\"og:url\" content=\"https:\/\/gokbocki.pl\/index.php\/przykladowa-strona\/\" \/>\n<meta property=\"og:site_name\" content=\"Gminny O\u015brodek Kultury w Bo\u0107kach\" \/>\n<meta property=\"article:modified_time\" content=\"2019-04-04T11:41:44+00:00\" \/>\n<meta name=\"twitter:card\" content=\"summary_large_image\" \/>\n<meta name=\"twitter:label1\" content=\"Szacowany czas czytania\" \/>\n\t<meta name=\"twitter:data1\" content=\"2 minuty\" \/>\n<script type=\"application\/ld+json\" class=\"yoast-schema-graph\">{\"@context\":\"https:\/\/schema.org\",\"@graph\":[{\"@type\":\"WebPage\",\"@id\":\"https:\/\/gokbocki.pl\/index.php\/przykladowa-strona\/\",\"url\":\"https:\/\/gokbocki.pl\/index.php\/przykladowa-strona\/\",\"name\":\"Aktualno\u015bci - Gminny O\u015brodek Kultury w Bo\u0107kach\",\"isPartOf\":{\"@id\":\"https:\/\/gokbocki.pl\/#website\"},\"datePublished\":\"2019-03-27T08:41:35+00:00\",\"dateModified\":\"2019-04-04T11:41:44+00:00\",\"breadcrumb\":{\"@id\":\"https:\/\/gokbocki.pl\/index.php\/przykladowa-strona\/#breadcrumb\"},\"inLanguage\":\"pl-PL\",\"potentialAction\":[{\"@type\":\"ReadAction\",\"target\":[\"https:\/\/gokbocki.pl\/index.php\/przykladowa-strona\/\"]}]},{\"@type\":\"BreadcrumbList\",\"@id\":\"https:\/\/gokbocki.pl\/index.php\/przykladowa-strona\/#breadcrumb\",\"itemListElement\":[{\"@type\":\"ListItem\",\"position\":1,\"name\":\"Strona g\u0142\u00f3wna\",\"item\":\"https:\/\/gokbocki.pl\/\"},{\"@type\":\"ListItem\",\"position\":2,\"name\":\"Aktualno\u015bci\"}]},{\"@type\":\"WebSite\",\"@id\":\"https:\/\/gokbocki.pl\/#website\",\"url\":\"https:\/\/gokbocki.pl\/\",\"name\":\"Gminny O\u015brodek Kultury w Bo\u0107kach\",\"description\":\"GOK BO\u0106KI\",\"potentialAction\":[{\"@type\":\"SearchAction\",\"target\":{\"@type\":\"EntryPoint\",\"urlTemplate\":\"https:\/\/gokbocki.pl\/?s={search_term_string}\"},\"query-input\":\"required name=search_term_string\"}],\"inLanguage\":\"pl-PL\"}]}<\/script>\n<!-- \/ Yoast SEO plugin. -->","yoast_head_json":{"title":"Aktualno\u015bci - Gminny O\u015brodek Kultury w Bo\u0107kach","robots":{"index":"index","follow":"follow","max-snippet":"max-snippet:-1","max-image-preview":"max-image-preview:large","max-video-preview":"max-video-preview:-1"},"canonical":"https:\/\/gokbocki.pl\/index.php\/przykladowa-strona\/","og_locale":"pl_PL","og_type":"article","og_title":"Aktualno\u015bci - Gminny O\u015brodek Kultury w Bo\u0107kach","og_description":"Gminny O\u015brodek Kultury w Bo\u0107kach prowadzi dzia\u0142alno\u015b\u0107 w zakresie upowszechniania kultury na podstawie Statutu Gminnego O\u015brodka Kultury i Sportu nadanego uchwa\u0142\u0105 Rady Gminy Bo\u0107ki. &nbsp; Do podstawowych zada\u0144 o\u015brodka nale\u017cy w szczeg\u00f3lno\u015bci: \u2013 edukacja kulturalna i wychowanie przez sztuk\u0119, \u2013 tworzenie warunk\u00f3w dla rozwoju amatorskiego ruchu artystycznego, \u2013 prowadzenie, dokumentowanie, tworzenie, udost\u0119pnianie i ochrona d\u00f3br [&hellip;]","og_url":"https:\/\/gokbocki.pl\/index.php\/przykladowa-strona\/","og_site_name":"Gminny O\u015brodek Kultury w Bo\u0107kach","article_modified_time":"2019-04-04T11:41:44+00:00","twitter_card":"summary_large_image","twitter_misc":{"Szacowany czas czytania":"2 minuty"},"schema":{"@context":"https:\/\/schema.org","@graph":[{"@type":"WebPage","@id":"https:\/\/gokbocki.pl\/index.php\/przykladowa-strona\/","url":"https:\/\/gokbocki.pl\/index.php\/przykladowa-strona\/","name":"Aktualno\u015bci - Gminny O\u015brodek Kultury w Bo\u0107kach","isPartOf":{"@id":"https:\/\/gokbocki.pl\/#website"},"datePublished":"2019-03-27T08:41:35+00:00","dateModified":"2019-04-04T11:41:44+00:00","breadcrumb":{"@id":"https:\/\/gokbocki.pl\/index.php\/przykladowa-strona\/#breadcrumb"},"inLanguage":"pl-PL","potentialAction":[{"@type":"ReadAction","target":["https:\/\/gokbocki.pl\/index.php\/przykladowa-strona\/"]}]},{"@type":"BreadcrumbList","@id":"https:\/\/gokbocki.pl\/index.php\/przykladowa-strona\/#breadcrumb","itemListElement":[{"@type":"ListItem","position":1,"name":"Strona g\u0142\u00f3wna","item":"https:\/\/gokbocki.pl\/"},{"@type":"ListItem","position":2,"name":"Aktualno\u015bci"}]},{"@type":"WebSite","@id":"https:\/\/gokbocki.pl\/#website","url":"https:\/\/gokbocki.pl\/","name":"Gminny O\u015brodek Kultury w Bo\u0107kach","description":"GOK BO\u0106KI","potentialAction":[{"@type":"SearchAction","target":{"@type":"EntryPoint","urlTemplate":"https:\/\/gokbocki.pl\/?s={search_term_string}"},"query-input":"required name=search_term_string"}],"inLanguage":"pl-PL"}]}},"_links":{"self":[{"href":"https:\/\/gokbocki.pl\/index.php\/wp-json\/wp\/v2\/pages\/2"}],"collection":[{"href":"https:\/\/gokbocki.pl\/index.php\/wp-json\/wp\/v2\/pages"}],"about":[{"href":"https:\/\/gokbocki.pl\/index.php\/wp-json\/wp\/v2\/types\/page"}],"author":[{"embeddable":true,"href":"https:\/\/gokbocki.pl\/index.php\/wp-json\/wp\/v2\/users\/1"}],"replies":[{"embeddable":true,"href":"https:\/\/gokbocki.pl\/index.php\/wp-json\/wp\/v2\/comments?post=2"}],"version-history":[{"count":3,"href":"https:\/\/gokbocki.pl\/index.php\/wp-json\/wp\/v2\/pages\/2\/revisions"}],"predecessor-version":[{"id":259,"href":"https:\/\/gokbocki.pl\/index.php\/wp-json\/wp\/v2\/pages\/2\/revisions\/259"}],"wp:attachment":[{"href":"https:\/\/gokbocki.pl\/index.php\/wp-json\/wp\/v2\/media?parent=2"}],"curies":[{"name":"wp","href":"https:\/\/api.w.org\/{rel}","templated":true}]}}