{"id":2462,"date":"2020-07-08T08:36:37","date_gmt":"2020-07-08T06:36:37","guid":{"rendered":"https:\/\/gokbocki.pl\/?page_id=2462"},"modified":"2020-07-08T08:51:35","modified_gmt":"2020-07-08T06:51:35","slug":"miedzynarodowy-festiwal-folkloru-podlaskie-spotkania","status":"publish","type":"page","link":"https:\/\/gokbocki.pl\/index.php\/miedzynarodowy-festiwal-folkloru-podlaskie-spotkania\/","title":{"rendered":"Mi\u0119dzynarodowy Festiwal Folkloru Podlaskie Spotkania"},"content":{"rendered":"\n<p class=\"has-text-color has-very-dark-gray-color\"><strong>Festiwal pierwsz\u0105 edycj\u0119 rozpocz\u0105\u0142 w 2006 roku.<\/strong><\/p>\n\n\n\n<p class=\"has-text-color has-very-dark-gray-color\"><strong><u>G\u0142\u00f3wnym organizatorem festiwalu jest:<br><\/u><\/strong>&#8211;\u00a0<strong>Ludowy Zesp\u00f3\u0142 Pie\u015bni i Ta\u0144ca \u201eSKOWRONKI&#8221; z Bra\u0144ska<br>&#8211; Stowarzyszenie Artystyczne \u201eSKOWRONKI&#8221; z Bra\u0144ska<br>&#8211; Marsza\u0142ek Wojew\u00f3dztwa Podlaskiego<\/strong><br>&#8211; <strong>Podlaskie Muzeum Kultury Ludowej w Wasilkowie<\/strong><br><strong>&#8211; Miejski O\u015brodek Kultury w Bra\u0144sku.<\/strong><\/p>\n\n\n\n<p class=\"has-text-color has-very-dark-gray-color\"><strong><u>Wsp\u00f3\u0142organizatorzy:<\/u><\/strong><br><strong>&#8211; Bielski Dom Kultury w Bielsku Podlaskim<\/strong><br><strong>&#8211; Gminny O\u015brodek Kultury w Bo\u0107kach<\/strong><br><strong>&#8211; Ciechanowiecki O\u015brodek Kultury i Sportu w Ciechanowcu<\/strong><br><strong>&#8211; Gminny O\u015brodek Kultury w Szepietowie<\/strong><br><strong>&#8211; Miejski O\u015brodek Kultury w Wysokiem Mazowieckiem<\/strong>&nbsp;<\/p>\n\n\n\n<p class=\"has-text-color has-very-dark-gray-color\"><strong><u>G\u0142\u00f3wni Sponsorzy:<br><\/u>&#8211; Marsza\u0142ek Wojew\u00f3dztwa Podlaskiego<\/strong><br><strong>&#8211; Burmistrz Miasta Bra\u0144sk<\/strong><br><strong>&#8211; Burmistrz Miasta Bielsk Podlaski<\/strong><br><strong>&#8211; W\u00f3jt Gminy Bo\u0107ki<\/strong><br><strong>&#8211; Burmistrz Miasta Ciechanowiec<\/strong><br><strong>&#8211; Burmistrz Miasta Szepietowo<\/strong><br><strong>&#8211; Burmistrz Miasta Wysokie Mazowieckie<\/strong><br><strong>&#8211; Dyrektor Podlaskiego Muzeum Kultury Ludowej w &nbsp;Wasilkowie&nbsp;<\/strong><\/p>\n\n\n\n<p class=\"has-text-color has-very-dark-gray-color\">Festiwal cieszy si\u0119 du\u017cym zainteresowaniem zar\u00f3wno w\u015br\u00f3d mieszka\u0144c\u00f3w festiwalowych miast, jak i turyst\u00f3w oraz zespo\u0142\u00f3w z kraju i zagranicy. Festiwalowe prezentacje s\u0105 dost\u0119pne dla ka\u017cdego. W ramach festiwalu opr\u00f3cz prezentacji na scenach festiwalowych miast, organizowane s\u0105 biesiady folkowe, barwne korowody oraz ma\u0142e jarmarki sztuki ludowej i r\u0119kodzie\u0142a artystycznego.<\/p>\n\n\n\n<p class=\"has-text-color has-very-dark-gray-color\">Celem festiwalu jest ocalenie od zapomnienia tradycji ludowych, poznanie folkloru innych narod\u00f3w, innych kraj\u00f3w, promocja tradycji, folkloru i pi\u0119kna Podlasia.<\/p>\n\n\n\n<p class=\"has-text-color has-very-dark-gray-color\"><strong>CELE IMPREZY:<\/strong><br>&#8211; Podnoszenie kultury ludowej naszego regionu i kraju.<br>&#8211; Poznanie ta\u0144c\u00f3w, obrz\u0119d\u00f3w i pie\u015bni innych region\u00f3w, kraj\u00f3w.<br>&#8211; Prezentacja dorobku artystycznego zespo\u0142\u00f3w folklorystycznych.<br>&#8211; Propagowanie kultury ludowej z r\u00f3\u017cnych region\u00f3w Polski i r\u00f3\u017cnych kraj\u00f3w \u015awiata.<br>&#8211; Promocja kulturalna Miast Festiwalowych, regionu i wojew\u00f3dztwa Podlaskiego.<\/p>\n\n\n\n<figure class=\"wp-block-image size-large\"><img decoding=\"async\" loading=\"lazy\" width=\"411\" height=\"600\" src=\"https:\/\/gokbocki.pl\/wp-content\/uploads\/2020\/07\/3437a8743575.jpeg.jpg\" alt=\"\" class=\"wp-image-2485\" srcset=\"https:\/\/gokbocki.pl\/wp-content\/uploads\/2020\/07\/3437a8743575.jpeg.jpg 411w, https:\/\/gokbocki.pl\/wp-content\/uploads\/2020\/07\/3437a8743575.jpeg-206x300.jpg 206w\" sizes=\"(max-width: 411px) 100vw, 411px\" \/><\/figure>\n","protected":false},"excerpt":{"rendered":"<p>Festiwal pierwsz\u0105 edycj\u0119 rozpocz\u0105\u0142 w 2006 roku. G\u0142\u00f3wnym organizatorem festiwalu jest:&#8211;\u00a0Ludowy Zesp\u00f3\u0142 Pie\u015bni i Ta\u0144ca \u201eSKOWRONKI&#8221; z Bra\u0144ska&#8211; Stowarzyszenie Artystyczne \u201eSKOWRONKI&#8221; z Bra\u0144ska&#8211; Marsza\u0142ek Wojew\u00f3dztwa Podlaskiego&#8211; Podlaskie Muzeum Kultury Ludowej w Wasilkowie&#8211; Miejski O\u015brodek Kultury w Bra\u0144sku. Wsp\u00f3\u0142organizatorzy:&#8211; Bielski Dom Kultury w Bielsku Podlaskim&#8211; Gminny O\u015brodek Kultury w Bo\u0107kach&#8211; Ciechanowiecki O\u015brodek Kultury i Sportu w [&hellip;]<\/p>\n","protected":false},"author":1,"featured_media":0,"parent":0,"menu_order":0,"comment_status":"closed","ping_status":"closed","template":"","meta":[],"yoast_head":"<!-- This site is optimized with the Yoast SEO plugin v20.2.1 - https:\/\/yoast.com\/wordpress\/plugins\/seo\/ -->\n<title>Mi\u0119dzynarodowy Festiwal Folkloru Podlaskie Spotkania - Gminny O\u015brodek Kultury w Bo\u0107kach<\/title>\n<meta name=\"robots\" content=\"index, follow, max-snippet:-1, max-image-preview:large, max-video-preview:-1\" \/>\n<link rel=\"canonical\" href=\"https:\/\/gokbocki.pl\/index.php\/miedzynarodowy-festiwal-folkloru-podlaskie-spotkania\/\" \/>\n<meta property=\"og:locale\" content=\"pl_PL\" \/>\n<meta property=\"og:type\" content=\"article\" \/>\n<meta property=\"og:title\" content=\"Mi\u0119dzynarodowy Festiwal Folkloru Podlaskie Spotkania - Gminny O\u015brodek Kultury w Bo\u0107kach\" \/>\n<meta property=\"og:description\" content=\"Festiwal pierwsz\u0105 edycj\u0119 rozpocz\u0105\u0142 w 2006 roku. G\u0142\u00f3wnym organizatorem festiwalu jest:&#8211;\u00a0Ludowy Zesp\u00f3\u0142 Pie\u015bni i Ta\u0144ca \u201eSKOWRONKI&#8221; z Bra\u0144ska&#8211; Stowarzyszenie Artystyczne \u201eSKOWRONKI&#8221; z Bra\u0144ska&#8211; Marsza\u0142ek Wojew\u00f3dztwa Podlaskiego&#8211; Podlaskie Muzeum Kultury Ludowej w Wasilkowie&#8211; Miejski O\u015brodek Kultury w Bra\u0144sku. Wsp\u00f3\u0142organizatorzy:&#8211; Bielski Dom Kultury w Bielsku Podlaskim&#8211; Gminny O\u015brodek Kultury w Bo\u0107kach&#8211; Ciechanowiecki O\u015brodek Kultury i Sportu w [&hellip;]\" \/>\n<meta property=\"og:url\" content=\"https:\/\/gokbocki.pl\/index.php\/miedzynarodowy-festiwal-folkloru-podlaskie-spotkania\/\" \/>\n<meta property=\"og:site_name\" content=\"Gminny O\u015brodek Kultury w Bo\u0107kach\" \/>\n<meta property=\"article:modified_time\" content=\"2020-07-08T06:51:35+00:00\" \/>\n<meta property=\"og:image\" content=\"https:\/\/gokbocki.pl\/wp-content\/uploads\/2020\/07\/3437a8743575.jpeg.jpg\" \/>\n<meta name=\"twitter:card\" content=\"summary_large_image\" \/>\n<meta name=\"twitter:label1\" content=\"Szacowany czas czytania\" \/>\n\t<meta name=\"twitter:data1\" content=\"1 minuta\" \/>\n<script type=\"application\/ld+json\" class=\"yoast-schema-graph\">{\"@context\":\"https:\/\/schema.org\",\"@graph\":[{\"@type\":\"WebPage\",\"@id\":\"https:\/\/gokbocki.pl\/index.php\/miedzynarodowy-festiwal-folkloru-podlaskie-spotkania\/\",\"url\":\"https:\/\/gokbocki.pl\/index.php\/miedzynarodowy-festiwal-folkloru-podlaskie-spotkania\/\",\"name\":\"Mi\u0119dzynarodowy Festiwal Folkloru Podlaskie Spotkania - Gminny O\u015brodek Kultury w Bo\u0107kach\",\"isPartOf\":{\"@id\":\"https:\/\/gokbocki.pl\/#website\"},\"datePublished\":\"2020-07-08T06:36:37+00:00\",\"dateModified\":\"2020-07-08T06:51:35+00:00\",\"breadcrumb\":{\"@id\":\"https:\/\/gokbocki.pl\/index.php\/miedzynarodowy-festiwal-folkloru-podlaskie-spotkania\/#breadcrumb\"},\"inLanguage\":\"pl-PL\",\"potentialAction\":[{\"@type\":\"ReadAction\",\"target\":[\"https:\/\/gokbocki.pl\/index.php\/miedzynarodowy-festiwal-folkloru-podlaskie-spotkania\/\"]}]},{\"@type\":\"BreadcrumbList\",\"@id\":\"https:\/\/gokbocki.pl\/index.php\/miedzynarodowy-festiwal-folkloru-podlaskie-spotkania\/#breadcrumb\",\"itemListElement\":[{\"@type\":\"ListItem\",\"position\":1,\"name\":\"Strona g\u0142\u00f3wna\",\"item\":\"https:\/\/gokbocki.pl\/\"},{\"@type\":\"ListItem\",\"position\":2,\"name\":\"Mi\u0119dzynarodowy Festiwal Folkloru Podlaskie Spotkania\"}]},{\"@type\":\"WebSite\",\"@id\":\"https:\/\/gokbocki.pl\/#website\",\"url\":\"https:\/\/gokbocki.pl\/\",\"name\":\"Gminny O\u015brodek Kultury w Bo\u0107kach\",\"description\":\"GOK BO\u0106KI\",\"potentialAction\":[{\"@type\":\"SearchAction\",\"target\":{\"@type\":\"EntryPoint\",\"urlTemplate\":\"https:\/\/gokbocki.pl\/?s={search_term_string}\"},\"query-input\":\"required name=search_term_string\"}],\"inLanguage\":\"pl-PL\"}]}<\/script>\n<!-- \/ Yoast SEO plugin. -->","yoast_head_json":{"title":"Mi\u0119dzynarodowy Festiwal Folkloru Podlaskie Spotkania - Gminny O\u015brodek Kultury w Bo\u0107kach","robots":{"index":"index","follow":"follow","max-snippet":"max-snippet:-1","max-image-preview":"max-image-preview:large","max-video-preview":"max-video-preview:-1"},"canonical":"https:\/\/gokbocki.pl\/index.php\/miedzynarodowy-festiwal-folkloru-podlaskie-spotkania\/","og_locale":"pl_PL","og_type":"article","og_title":"Mi\u0119dzynarodowy Festiwal Folkloru Podlaskie Spotkania - Gminny O\u015brodek Kultury w Bo\u0107kach","og_description":"Festiwal pierwsz\u0105 edycj\u0119 rozpocz\u0105\u0142 w 2006 roku. G\u0142\u00f3wnym organizatorem festiwalu jest:&#8211;\u00a0Ludowy Zesp\u00f3\u0142 Pie\u015bni i Ta\u0144ca \u201eSKOWRONKI&#8221; z Bra\u0144ska&#8211; Stowarzyszenie Artystyczne \u201eSKOWRONKI&#8221; z Bra\u0144ska&#8211; Marsza\u0142ek Wojew\u00f3dztwa Podlaskiego&#8211; Podlaskie Muzeum Kultury Ludowej w Wasilkowie&#8211; Miejski O\u015brodek Kultury w Bra\u0144sku. Wsp\u00f3\u0142organizatorzy:&#8211; Bielski Dom Kultury w Bielsku Podlaskim&#8211; Gminny O\u015brodek Kultury w Bo\u0107kach&#8211; Ciechanowiecki O\u015brodek Kultury i Sportu w [&hellip;]","og_url":"https:\/\/gokbocki.pl\/index.php\/miedzynarodowy-festiwal-folkloru-podlaskie-spotkania\/","og_site_name":"Gminny O\u015brodek Kultury w Bo\u0107kach","article_modified_time":"2020-07-08T06:51:35+00:00","og_image":[{"url":"https:\/\/gokbocki.pl\/wp-content\/uploads\/2020\/07\/3437a8743575.jpeg.jpg"}],"twitter_card":"summary_large_image","twitter_misc":{"Szacowany czas czytania":"1 minuta"},"schema":{"@context":"https:\/\/schema.org","@graph":[{"@type":"WebPage","@id":"https:\/\/gokbocki.pl\/index.php\/miedzynarodowy-festiwal-folkloru-podlaskie-spotkania\/","url":"https:\/\/gokbocki.pl\/index.php\/miedzynarodowy-festiwal-folkloru-podlaskie-spotkania\/","name":"Mi\u0119dzynarodowy Festiwal Folkloru Podlaskie Spotkania - Gminny O\u015brodek Kultury w Bo\u0107kach","isPartOf":{"@id":"https:\/\/gokbocki.pl\/#website"},"datePublished":"2020-07-08T06:36:37+00:00","dateModified":"2020-07-08T06:51:35+00:00","breadcrumb":{"@id":"https:\/\/gokbocki.pl\/index.php\/miedzynarodowy-festiwal-folkloru-podlaskie-spotkania\/#breadcrumb"},"inLanguage":"pl-PL","potentialAction":[{"@type":"ReadAction","target":["https:\/\/gokbocki.pl\/index.php\/miedzynarodowy-festiwal-folkloru-podlaskie-spotkania\/"]}]},{"@type":"BreadcrumbList","@id":"https:\/\/gokbocki.pl\/index.php\/miedzynarodowy-festiwal-folkloru-podlaskie-spotkania\/#breadcrumb","itemListElement":[{"@type":"ListItem","position":1,"name":"Strona g\u0142\u00f3wna","item":"https:\/\/gokbocki.pl\/"},{"@type":"ListItem","position":2,"name":"Mi\u0119dzynarodowy Festiwal Folkloru Podlaskie Spotkania"}]},{"@type":"WebSite","@id":"https:\/\/gokbocki.pl\/#website","url":"https:\/\/gokbocki.pl\/","name":"Gminny O\u015brodek Kultury w Bo\u0107kach","description":"GOK BO\u0106KI","potentialAction":[{"@type":"SearchAction","target":{"@type":"EntryPoint","urlTemplate":"https:\/\/gokbocki.pl\/?s={search_term_string}"},"query-input":"required name=search_term_string"}],"inLanguage":"pl-PL"}]}},"_links":{"self":[{"href":"https:\/\/gokbocki.pl\/index.php\/wp-json\/wp\/v2\/pages\/2462"}],"collection":[{"href":"https:\/\/gokbocki.pl\/index.php\/wp-json\/wp\/v2\/pages"}],"about":[{"href":"https:\/\/gokbocki.pl\/index.php\/wp-json\/wp\/v2\/types\/page"}],"author":[{"embeddable":true,"href":"https:\/\/gokbocki.pl\/index.php\/wp-json\/wp\/v2\/users\/1"}],"replies":[{"embeddable":true,"href":"https:\/\/gokbocki.pl\/index.php\/wp-json\/wp\/v2\/comments?post=2462"}],"version-history":[{"count":3,"href":"https:\/\/gokbocki.pl\/index.php\/wp-json\/wp\/v2\/pages\/2462\/revisions"}],"predecessor-version":[{"id":2487,"href":"https:\/\/gokbocki.pl\/index.php\/wp-json\/wp\/v2\/pages\/2462\/revisions\/2487"}],"wp:attachment":[{"href":"https:\/\/gokbocki.pl\/index.php\/wp-json\/wp\/v2\/media?parent=2462"}],"curies":[{"name":"wp","href":"https:\/\/api.w.org\/{rel}","templated":true}]}}