{"id":2925,"date":"2021-02-01T14:57:01","date_gmt":"2021-02-01T13:57:01","guid":{"rendered":"https:\/\/gokbocki.pl\/?page_id=2925"},"modified":"2021-02-01T15:18:22","modified_gmt":"2021-02-01T14:18:22","slug":"z-historii-gok-u","status":"publish","type":"page","link":"https:\/\/gokbocki.pl\/index.php\/z-historii-gok-u\/","title":{"rendered":"z historii GOK-u"},"content":{"rendered":"\n<p class=\"has-black-color has-text-color\">Dyrektorzy Gminnego O\u015brodka Kultury w Bo\u0107kach:<br><\/p>\n\n\n\n<figure class=\"wp-block-table is-style-stripes\"><table class=\"has-subtle-pale-blue-background-color has-background\"><tbody><tr><td>&#8222;Minister Kultury&#8221; Genowefa \u0141ucjan<\/td><td class=\"has-text-align-center\" data-align=\"center\">1973 &#8211; 1989<\/td><\/tr><tr><td>Ija Gryko<\/td><td class=\"has-text-align-center\" data-align=\"center\">1989 &#8211; 2004<\/td><\/tr><tr><td>Danuta Romaniuk<\/td><td class=\"has-text-align-center\" data-align=\"center\">2004 &#8211; 2007<\/td><\/tr><tr><td>p. o. Kordian Michalski<\/td><td class=\"has-text-align-center\" data-align=\"center\">2007 &#8211; 2008<\/td><\/tr><tr><td>p. o. Marta Tymi\u0144ska<\/td><td class=\"has-text-align-center\" data-align=\"center\">2008 &#8211; 2011<\/td><\/tr><tr><td>Marta Tymi\u0144ska &#8211; Malinowska<\/td><td class=\"has-text-align-center\" data-align=\"center\">2011 &#8211; 2019<\/td><\/tr><tr><td>p. o. Ewelina Rynans<\/td><td class=\"has-text-align-center\" data-align=\"center\">2015 &#8211; 2017<\/td><\/tr><tr><td>p. o. Dorota K\u0119dra &#8211; Ptaszy\u0144ska<\/td><td class=\"has-text-align-center\" data-align=\"center\">2015, 2016 &#8211; 2017<\/td><\/tr><tr><td>p. o. Mateusz Sacharzewski<\/td><td class=\"has-text-align-center\" data-align=\"center\">2019 &#8211; 2020<\/td><\/tr><tr><td>Mateusz Sacharzewski<\/td><td class=\"has-text-align-center\" data-align=\"center\">2020<\/td><\/tr><\/tbody><\/table><\/figure>\n","protected":false},"excerpt":{"rendered":"<p>Dyrektorzy Gminnego O\u015brodka Kultury w Bo\u0107kach: &#8222;Minister Kultury&#8221; Genowefa \u0141ucjan 1973 &#8211; 1989 Ija Gryko 1989 &#8211; 2004 Danuta Romaniuk 2004 &#8211; 2007 p. o. Kordian Michalski 2007 &#8211; 2008 p. o. Marta Tymi\u0144ska 2008 &#8211; 2011 Marta Tymi\u0144ska &#8211; Malinowska 2011 &#8211; 2019 p. o. Ewelina Rynans 2015 &#8211; 2017 p. o. Dorota K\u0119dra [&hellip;]<\/p>\n","protected":false},"author":1,"featured_media":0,"parent":0,"menu_order":0,"comment_status":"closed","ping_status":"closed","template":"","meta":[],"yoast_head":"<!-- This site is optimized with the Yoast SEO plugin v20.2.1 - https:\/\/yoast.com\/wordpress\/plugins\/seo\/ -->\n<title>z historii GOK-u - Gminny O\u015brodek Kultury w Bo\u0107kach<\/title>\n<meta name=\"robots\" content=\"index, follow, max-snippet:-1, max-image-preview:large, max-video-preview:-1\" \/>\n<link rel=\"canonical\" href=\"https:\/\/gokbocki.pl\/index.php\/z-historii-gok-u\/\" \/>\n<meta property=\"og:locale\" content=\"pl_PL\" \/>\n<meta property=\"og:type\" content=\"article\" \/>\n<meta property=\"og:title\" content=\"z historii GOK-u - Gminny O\u015brodek Kultury w Bo\u0107kach\" \/>\n<meta property=\"og:description\" content=\"Dyrektorzy Gminnego O\u015brodka Kultury w Bo\u0107kach: &#8222;Minister Kultury&#8221; Genowefa \u0141ucjan 1973 &#8211; 1989 Ija Gryko 1989 &#8211; 2004 Danuta Romaniuk 2004 &#8211; 2007 p. o. Kordian Michalski 2007 &#8211; 2008 p. o. Marta Tymi\u0144ska 2008 &#8211; 2011 Marta Tymi\u0144ska &#8211; Malinowska 2011 &#8211; 2019 p. o. Ewelina Rynans 2015 &#8211; 2017 p. o. Dorota K\u0119dra [&hellip;]\" \/>\n<meta property=\"og:url\" content=\"https:\/\/gokbocki.pl\/index.php\/z-historii-gok-u\/\" \/>\n<meta property=\"og:site_name\" content=\"Gminny O\u015brodek Kultury w Bo\u0107kach\" \/>\n<meta property=\"article:modified_time\" content=\"2021-02-01T14:18:22+00:00\" \/>\n<meta name=\"twitter:card\" content=\"summary_large_image\" \/>\n<script type=\"application\/ld+json\" class=\"yoast-schema-graph\">{\"@context\":\"https:\/\/schema.org\",\"@graph\":[{\"@type\":\"WebPage\",\"@id\":\"https:\/\/gokbocki.pl\/index.php\/z-historii-gok-u\/\",\"url\":\"https:\/\/gokbocki.pl\/index.php\/z-historii-gok-u\/\",\"name\":\"z historii GOK-u - Gminny O\u015brodek Kultury w Bo\u0107kach\",\"isPartOf\":{\"@id\":\"https:\/\/gokbocki.pl\/#website\"},\"datePublished\":\"2021-02-01T13:57:01+00:00\",\"dateModified\":\"2021-02-01T14:18:22+00:00\",\"breadcrumb\":{\"@id\":\"https:\/\/gokbocki.pl\/index.php\/z-historii-gok-u\/#breadcrumb\"},\"inLanguage\":\"pl-PL\",\"potentialAction\":[{\"@type\":\"ReadAction\",\"target\":[\"https:\/\/gokbocki.pl\/index.php\/z-historii-gok-u\/\"]}]},{\"@type\":\"BreadcrumbList\",\"@id\":\"https:\/\/gokbocki.pl\/index.php\/z-historii-gok-u\/#breadcrumb\",\"itemListElement\":[{\"@type\":\"ListItem\",\"position\":1,\"name\":\"Strona g\u0142\u00f3wna\",\"item\":\"https:\/\/gokbocki.pl\/\"},{\"@type\":\"ListItem\",\"position\":2,\"name\":\"z historii GOK-u\"}]},{\"@type\":\"WebSite\",\"@id\":\"https:\/\/gokbocki.pl\/#website\",\"url\":\"https:\/\/gokbocki.pl\/\",\"name\":\"Gminny O\u015brodek Kultury w Bo\u0107kach\",\"description\":\"GOK BO\u0106KI\",\"potentialAction\":[{\"@type\":\"SearchAction\",\"target\":{\"@type\":\"EntryPoint\",\"urlTemplate\":\"https:\/\/gokbocki.pl\/?s={search_term_string}\"},\"query-input\":\"required name=search_term_string\"}],\"inLanguage\":\"pl-PL\"}]}<\/script>\n<!-- \/ Yoast SEO plugin. -->","yoast_head_json":{"title":"z historii GOK-u - Gminny O\u015brodek Kultury w Bo\u0107kach","robots":{"index":"index","follow":"follow","max-snippet":"max-snippet:-1","max-image-preview":"max-image-preview:large","max-video-preview":"max-video-preview:-1"},"canonical":"https:\/\/gokbocki.pl\/index.php\/z-historii-gok-u\/","og_locale":"pl_PL","og_type":"article","og_title":"z historii GOK-u - Gminny O\u015brodek Kultury w Bo\u0107kach","og_description":"Dyrektorzy Gminnego O\u015brodka Kultury w Bo\u0107kach: &#8222;Minister Kultury&#8221; Genowefa \u0141ucjan 1973 &#8211; 1989 Ija Gryko 1989 &#8211; 2004 Danuta Romaniuk 2004 &#8211; 2007 p. o. Kordian Michalski 2007 &#8211; 2008 p. o. Marta Tymi\u0144ska 2008 &#8211; 2011 Marta Tymi\u0144ska &#8211; Malinowska 2011 &#8211; 2019 p. o. Ewelina Rynans 2015 &#8211; 2017 p. o. Dorota K\u0119dra [&hellip;]","og_url":"https:\/\/gokbocki.pl\/index.php\/z-historii-gok-u\/","og_site_name":"Gminny O\u015brodek Kultury w Bo\u0107kach","article_modified_time":"2021-02-01T14:18:22+00:00","twitter_card":"summary_large_image","schema":{"@context":"https:\/\/schema.org","@graph":[{"@type":"WebPage","@id":"https:\/\/gokbocki.pl\/index.php\/z-historii-gok-u\/","url":"https:\/\/gokbocki.pl\/index.php\/z-historii-gok-u\/","name":"z historii GOK-u - Gminny O\u015brodek Kultury w Bo\u0107kach","isPartOf":{"@id":"https:\/\/gokbocki.pl\/#website"},"datePublished":"2021-02-01T13:57:01+00:00","dateModified":"2021-02-01T14:18:22+00:00","breadcrumb":{"@id":"https:\/\/gokbocki.pl\/index.php\/z-historii-gok-u\/#breadcrumb"},"inLanguage":"pl-PL","potentialAction":[{"@type":"ReadAction","target":["https:\/\/gokbocki.pl\/index.php\/z-historii-gok-u\/"]}]},{"@type":"BreadcrumbList","@id":"https:\/\/gokbocki.pl\/index.php\/z-historii-gok-u\/#breadcrumb","itemListElement":[{"@type":"ListItem","position":1,"name":"Strona g\u0142\u00f3wna","item":"https:\/\/gokbocki.pl\/"},{"@type":"ListItem","position":2,"name":"z historii GOK-u"}]},{"@type":"WebSite","@id":"https:\/\/gokbocki.pl\/#website","url":"https:\/\/gokbocki.pl\/","name":"Gminny O\u015brodek Kultury w Bo\u0107kach","description":"GOK BO\u0106KI","potentialAction":[{"@type":"SearchAction","target":{"@type":"EntryPoint","urlTemplate":"https:\/\/gokbocki.pl\/?s={search_term_string}"},"query-input":"required name=search_term_string"}],"inLanguage":"pl-PL"}]}},"_links":{"self":[{"href":"https:\/\/gokbocki.pl\/index.php\/wp-json\/wp\/v2\/pages\/2925"}],"collection":[{"href":"https:\/\/gokbocki.pl\/index.php\/wp-json\/wp\/v2\/pages"}],"about":[{"href":"https:\/\/gokbocki.pl\/index.php\/wp-json\/wp\/v2\/types\/page"}],"author":[{"embeddable":true,"href":"https:\/\/gokbocki.pl\/index.php\/wp-json\/wp\/v2\/users\/1"}],"replies":[{"embeddable":true,"href":"https:\/\/gokbocki.pl\/index.php\/wp-json\/wp\/v2\/comments?post=2925"}],"version-history":[{"count":2,"href":"https:\/\/gokbocki.pl\/index.php\/wp-json\/wp\/v2\/pages\/2925\/revisions"}],"predecessor-version":[{"id":2931,"href":"https:\/\/gokbocki.pl\/index.php\/wp-json\/wp\/v2\/pages\/2925\/revisions\/2931"}],"wp:attachment":[{"href":"https:\/\/gokbocki.pl\/index.php\/wp-json\/wp\/v2\/media?parent=2925"}],"curies":[{"name":"wp","href":"https:\/\/api.w.org\/{rel}","templated":true}]}}