{"id":49,"date":"2019-03-27T11:32:22","date_gmt":"2019-03-27T10:32:22","guid":{"rendered":"http:\/\/gokbocki.pl\/?page_id=49"},"modified":"2019-03-28T10:21:32","modified_gmt":"2019-03-28T09:21:32","slug":"zespol-folklorystyczny-klekociaki","status":"publish","type":"page","link":"https:\/\/gokbocki.pl\/index.php\/zespol-folklorystyczny-klekociaki\/","title":{"rendered":"Zesp\u00f3\u0142 Folklorystyczny &#8222;Klekociaki&#8221;"},"content":{"rendered":"\n<p><strong>Historia Zespo\u0142u Folklorystycznego &#8222;Klekociaki&#8221;<\/strong><\/p>\n\n\n\n<p style=\"text-align:center\">Zesp\u00f3\u0142 Folklorystyczny KLEKOCIAKI dzia\u0142a od 1962 roku przy Gminnym O\u015brodku Kultury w Bo\u0107kach i reprezentuje folklor Podlasia. Za\u0142o\u017cony zosta\u0142 przez Genowef\u0119 \u0141ucjan i Miko\u0142aja Turkowicza. Pocz\u0105tkowo by\u0142 to zesp\u00f3\u0142 pie\u015bniarzy ludowych, obecnie za\u015b sk\u0142ada si\u0119 z grupy \u015bpiewaczej, kapeli <br>i tancerzy. Charakterystyczna dla zespo\u0142u \u2013 od pocz\u0105tku jego istnienia, <br>a\u017c po\u00a0dzie\u0144 dzisiejszy \u2013 jest wielopokoleniowo\u015b\u0107. R\u00f3wnie\u017c niezmienne pozostaj\u0105 g\u0142\u00f3wne atuty Klekociak\u00f3w: \u017cywio\u0142owo\u015b\u0107 i\u00a0spontaniczno\u015b\u0107 oraz\u00a0daj\u0105ca si\u0119 odczu\u0107 podczas koncert\u00f3w szczero\u015b\u0107 i\u00a0prawdziwo\u015b\u0107 artystycznej wypowiedzi, poparta rzetelno\u015bci\u0105 wykonywanego rzemios\u0142a. W\u00a0swym repertuarze maj\u0105 pie\u015bni, ta\u0144ce i\u00a0obrz\u0119dy podlaskie (m. in. <em>Konopielka<\/em> \u2013 charakterystyczne dla regionu wielkanocne kol\u0119dowanie, <em>Lany Poniedzia\u0142ek, Podlaska Noc \u015awi\u0119toja\u0144ska, \u017bniwa Dworskie<\/em> \u2013 obrz\u0119d do\u017cynkowy, kol\u0119dy i\u00a0pastora\u0142ki), a\u00a0tak\u017ce suity podlaskie: <em>\u201eWezm\u0119 ja kontusz\u201d, \u201eNa bo\u0107kowskich b\u0142oniach\u201d, \u201eNa podlasiu by\u0142em\u201d<\/em>, jak r\u00f3wnie\u017c uk\u0142ady taneczne. Klekociaki jako zesp\u00f3\u0142 amatorski s\u0105 laureatem wielu nagr\u00f3d i\u00a0wyr\u00f3\u017cnie\u0144. Najcenniejsze to\u00a0Nagroda Ministra Kultury i\u00a0liczne trofea otrzymane od\u00a0Zwi\u0105zku Ochotniczej Stra\u017cy Po\u017carnych RP, z\u00a0kt\u00f3rym\u00a0jest zwi\u0105zany od\u00a0pocz\u0105tku swego istnienia. Podczas swej wieloletniej dzia\u0142alno\u015bci Klekociaki koncertowa\u0142y r\u00f3wnie\u017c poza granicami Polski \u2013 na\u00a0Litwie, \u0141otwie, Ukrainie, Bia\u0142orusi, Macedonii, w\u00a0Szwajcarii, Grecji a\u00a0tak\u017ce reprezentowa\u0142y Polsk\u0119 na\u00a0\u015bwi\u0119cie Walonii w\u00a0Belgii, na\u00a0Europejskim \u015awi\u0119cie Plon\u00f3w w\u00a0Dusseldorfie, w 2010 r. zesp\u00f3\u0142\u00a0reprezentowa\u0142 Wojew\u00f3dztwo Podlaskie na\u00a0targach \u201eCzas Wolny 2010\u201d w\u00a0Bolzano we\u00a0W\u0142oszech, Expo 2015 \u2013 wystawa \u015bwiatowa w Mediolanie, Bo\u015bnia i Hercegowina 2017 r., Festa dei Popoli w Bassano del Frappa 2018 r., oraz \u0421\u043f\u0430\u0442\u043a\u0430\u043d\u043d\u0435 \u0441\u044f\u0431\u0440\u043e\u045e. \u0427\u0430\u0441\u0442\u043a\u0430 VIII w Mi\u0144sku 2019 r. Zesp\u00f3\u0142 Folklorystyczny \u201eKlekociaki\u201d uczestniczy w lokalnych patriotycznych oraz spo\u0142ecznych inicjatywach, rozpowszechnia kultur\u0119 i tradycj\u0119 nie tylko miejscowo\u015bci Bo\u0107ki, ale ca\u0142ego Podlasia na arenie mi\u0119dzynarodowej. <br>W swojej wieloletniej dzia\u0142alno\u015bci Zesp\u00f3\u0142 zrealizowa\u0142 wiele projekt\u00f3w maj\u0105cych na celu przybli\u017cenie walor\u00f3w kulturowych tradycji Podlasia oraz nie zamyka si\u0119 tylko na dzia\u0142alno\u015b\u0107 kulturaln\u0105, ale r\u00f3wnie\u017c jest inspiratorem wielu inicjatyw lokalnych, kt\u00f3re s\u0142u\u017c\u0105 dobru mieszka\u0144c\u00f3w. \u00a0<\/p>\n\n\n\n<figure class=\"wp-block-embed-wordpress wp-block-embed is-type-wp-embed is-provider-klekociaki\"><div class=\"wp-block-embed__wrapper\">\n<blockquote class=\"wp-embedded-content\" data-secret=\"Zy8SeaF0rY\"><a href=\"http:\/\/klekociaki.pl\/\">G\u0142\u00f3wna<\/a><\/blockquote><iframe class=\"wp-embedded-content\" sandbox=\"allow-scripts\" security=\"restricted\" style=\"position: absolute; clip: rect(1px, 1px, 1px, 1px);\" src=\"http:\/\/klekociaki.pl\/embed\/#?secret=Zy8SeaF0rY\" data-secret=\"Zy8SeaF0rY\" width=\"600\" height=\"338\" title=\"&#8222;G\u0142\u00f3wna&#8221; &#8212; Klekociaki\" frameborder=\"0\" marginwidth=\"0\" marginheight=\"0\" scrolling=\"no\"><\/iframe>\n<\/div><\/figure>\n\n\n\n<figure class=\"wp-block-image is-resized\"><img decoding=\"async\" loading=\"lazy\" src=\"http:\/\/gokbocki.pl\/wp-content\/uploads\/2019\/03\/untitled-70-1024x683.jpg\" alt=\"\" class=\"wp-image-38\" width=\"775\" height=\"516\" srcset=\"https:\/\/gokbocki.pl\/wp-content\/uploads\/2019\/03\/untitled-70-1024x683.jpg 1024w, https:\/\/gokbocki.pl\/wp-content\/uploads\/2019\/03\/untitled-70-300x200.jpg 300w, https:\/\/gokbocki.pl\/wp-content\/uploads\/2019\/03\/untitled-70-768x512.jpg 768w, https:\/\/gokbocki.pl\/wp-content\/uploads\/2019\/03\/untitled-70-850x567.jpg 850w\" sizes=\"(max-width: 775px) 100vw, 775px\" \/><figcaption> <br>Podlaski Dzie\u0144 Kobiet \u2013 pe\u0142ni\u0105cych funkcje so\u0142tysa <\/figcaption><\/figure>\n\n\n\n<figure class=\"wp-block-image is-resized\"><img decoding=\"async\" loading=\"lazy\" src=\"http:\/\/gokbocki.pl\/wp-content\/uploads\/2019\/03\/DSC_3179-1024x683.jpg\" alt=\"\" class=\"wp-image-131\" width=\"778\" height=\"518\" srcset=\"https:\/\/gokbocki.pl\/wp-content\/uploads\/2019\/03\/DSC_3179-1024x683.jpg 1024w, https:\/\/gokbocki.pl\/wp-content\/uploads\/2019\/03\/DSC_3179-300x200.jpg 300w, https:\/\/gokbocki.pl\/wp-content\/uploads\/2019\/03\/DSC_3179-768x512.jpg 768w, https:\/\/gokbocki.pl\/wp-content\/uploads\/2019\/03\/DSC_3179-850x567.jpg 850w\" sizes=\"(max-width: 778px) 100vw, 778px\" \/><\/figure>\n\n\n\n<figure class=\"wp-block-image is-resized\"><img decoding=\"async\" loading=\"lazy\" src=\"http:\/\/gokbocki.pl\/wp-content\/uploads\/2019\/03\/DSC_3216-1024x683.jpg\" alt=\"\" class=\"wp-image-133\" width=\"777\" height=\"517\" srcset=\"https:\/\/gokbocki.pl\/wp-content\/uploads\/2019\/03\/DSC_3216-1024x683.jpg 1024w, https:\/\/gokbocki.pl\/wp-content\/uploads\/2019\/03\/DSC_3216-300x200.jpg 300w, https:\/\/gokbocki.pl\/wp-content\/uploads\/2019\/03\/DSC_3216-768x512.jpg 768w, https:\/\/gokbocki.pl\/wp-content\/uploads\/2019\/03\/DSC_3216-850x567.jpg 850w\" sizes=\"(max-width: 777px) 100vw, 777px\" \/><\/figure>\n\n\n\n<figure class=\"wp-block-image is-resized\"><img decoding=\"async\" loading=\"lazy\" src=\"http:\/\/gokbocki.pl\/wp-content\/uploads\/2019\/03\/DSC_7194-001-1024x721.jpg\" alt=\"\" class=\"wp-image-132\" width=\"781\" height=\"549\" srcset=\"https:\/\/gokbocki.pl\/wp-content\/uploads\/2019\/03\/DSC_7194-001-1024x721.jpg 1024w, https:\/\/gokbocki.pl\/wp-content\/uploads\/2019\/03\/DSC_7194-001-300x211.jpg 300w, https:\/\/gokbocki.pl\/wp-content\/uploads\/2019\/03\/DSC_7194-001-768x541.jpg 768w, https:\/\/gokbocki.pl\/wp-content\/uploads\/2019\/03\/DSC_7194-001-850x599.jpg 850w\" sizes=\"(max-width: 781px) 100vw, 781px\" \/><\/figure>\n","protected":false},"excerpt":{"rendered":"<p>Historia Zespo\u0142u Folklorystycznego &#8222;Klekociaki&#8221; Zesp\u00f3\u0142 Folklorystyczny KLEKOCIAKI dzia\u0142a od 1962 roku przy Gminnym O\u015brodku Kultury w Bo\u0107kach i reprezentuje folklor Podlasia. Za\u0142o\u017cony zosta\u0142 przez Genowef\u0119 \u0141ucjan i Miko\u0142aja Turkowicza. Pocz\u0105tkowo by\u0142 to zesp\u00f3\u0142 pie\u015bniarzy ludowych, obecnie za\u015b sk\u0142ada si\u0119 z grupy \u015bpiewaczej, kapeli i tancerzy. Charakterystyczna dla zespo\u0142u \u2013 od pocz\u0105tku jego istnienia, a\u017c po\u00a0dzie\u0144 [&hellip;]<\/p>\n","protected":false},"author":1,"featured_media":0,"parent":0,"menu_order":0,"comment_status":"closed","ping_status":"closed","template":"","meta":[],"yoast_head":"<!-- This site is optimized with the Yoast SEO plugin v20.2.1 - https:\/\/yoast.com\/wordpress\/plugins\/seo\/ -->\n<title>Zesp\u00f3\u0142 Folklorystyczny &quot;Klekociaki&quot; - Gminny O\u015brodek Kultury w Bo\u0107kach<\/title>\n<meta name=\"robots\" content=\"index, follow, max-snippet:-1, max-image-preview:large, max-video-preview:-1\" \/>\n<link rel=\"canonical\" href=\"https:\/\/gokbocki.pl\/index.php\/zespol-folklorystyczny-klekociaki\/\" \/>\n<meta property=\"og:locale\" content=\"pl_PL\" \/>\n<meta property=\"og:type\" content=\"article\" \/>\n<meta property=\"og:title\" content=\"Zesp\u00f3\u0142 Folklorystyczny &quot;Klekociaki&quot; - Gminny O\u015brodek Kultury w Bo\u0107kach\" \/>\n<meta property=\"og:description\" content=\"Historia Zespo\u0142u Folklorystycznego &#8222;Klekociaki&#8221; Zesp\u00f3\u0142 Folklorystyczny KLEKOCIAKI dzia\u0142a od 1962 roku przy Gminnym O\u015brodku Kultury w Bo\u0107kach i reprezentuje folklor Podlasia. Za\u0142o\u017cony zosta\u0142 przez Genowef\u0119 \u0141ucjan i Miko\u0142aja Turkowicza. Pocz\u0105tkowo by\u0142 to zesp\u00f3\u0142 pie\u015bniarzy ludowych, obecnie za\u015b sk\u0142ada si\u0119 z grupy \u015bpiewaczej, kapeli i tancerzy. Charakterystyczna dla zespo\u0142u \u2013 od pocz\u0105tku jego istnienia, a\u017c po\u00a0dzie\u0144 [&hellip;]\" \/>\n<meta property=\"og:url\" content=\"https:\/\/gokbocki.pl\/index.php\/zespol-folklorystyczny-klekociaki\/\" \/>\n<meta property=\"og:site_name\" content=\"Gminny O\u015brodek Kultury w Bo\u0107kach\" \/>\n<meta property=\"article:modified_time\" content=\"2019-03-28T09:21:32+00:00\" \/>\n<meta property=\"og:image\" content=\"http:\/\/gokbocki.pl\/wp-content\/uploads\/2019\/03\/untitled-70-1024x683.jpg\" \/>\n<meta name=\"twitter:card\" content=\"summary_large_image\" \/>\n<meta name=\"twitter:label1\" content=\"Szacowany czas czytania\" \/>\n\t<meta name=\"twitter:data1\" content=\"2 minuty\" \/>\n<script type=\"application\/ld+json\" class=\"yoast-schema-graph\">{\"@context\":\"https:\/\/schema.org\",\"@graph\":[{\"@type\":\"WebPage\",\"@id\":\"https:\/\/gokbocki.pl\/index.php\/zespol-folklorystyczny-klekociaki\/\",\"url\":\"https:\/\/gokbocki.pl\/index.php\/zespol-folklorystyczny-klekociaki\/\",\"name\":\"Zesp\u00f3\u0142 Folklorystyczny \\\"Klekociaki\\\" - Gminny O\u015brodek Kultury w Bo\u0107kach\",\"isPartOf\":{\"@id\":\"https:\/\/gokbocki.pl\/#website\"},\"datePublished\":\"2019-03-27T10:32:22+00:00\",\"dateModified\":\"2019-03-28T09:21:32+00:00\",\"breadcrumb\":{\"@id\":\"https:\/\/gokbocki.pl\/index.php\/zespol-folklorystyczny-klekociaki\/#breadcrumb\"},\"inLanguage\":\"pl-PL\",\"potentialAction\":[{\"@type\":\"ReadAction\",\"target\":[\"https:\/\/gokbocki.pl\/index.php\/zespol-folklorystyczny-klekociaki\/\"]}]},{\"@type\":\"BreadcrumbList\",\"@id\":\"https:\/\/gokbocki.pl\/index.php\/zespol-folklorystyczny-klekociaki\/#breadcrumb\",\"itemListElement\":[{\"@type\":\"ListItem\",\"position\":1,\"name\":\"Strona g\u0142\u00f3wna\",\"item\":\"https:\/\/gokbocki.pl\/\"},{\"@type\":\"ListItem\",\"position\":2,\"name\":\"Zesp\u00f3\u0142 Folklorystyczny &#8222;Klekociaki&#8221;\"}]},{\"@type\":\"WebSite\",\"@id\":\"https:\/\/gokbocki.pl\/#website\",\"url\":\"https:\/\/gokbocki.pl\/\",\"name\":\"Gminny O\u015brodek Kultury w Bo\u0107kach\",\"description\":\"GOK BO\u0106KI\",\"potentialAction\":[{\"@type\":\"SearchAction\",\"target\":{\"@type\":\"EntryPoint\",\"urlTemplate\":\"https:\/\/gokbocki.pl\/?s={search_term_string}\"},\"query-input\":\"required name=search_term_string\"}],\"inLanguage\":\"pl-PL\"}]}<\/script>\n<!-- \/ Yoast SEO plugin. -->","yoast_head_json":{"title":"Zesp\u00f3\u0142 Folklorystyczny \"Klekociaki\" - Gminny O\u015brodek Kultury w Bo\u0107kach","robots":{"index":"index","follow":"follow","max-snippet":"max-snippet:-1","max-image-preview":"max-image-preview:large","max-video-preview":"max-video-preview:-1"},"canonical":"https:\/\/gokbocki.pl\/index.php\/zespol-folklorystyczny-klekociaki\/","og_locale":"pl_PL","og_type":"article","og_title":"Zesp\u00f3\u0142 Folklorystyczny \"Klekociaki\" - Gminny O\u015brodek Kultury w Bo\u0107kach","og_description":"Historia Zespo\u0142u Folklorystycznego &#8222;Klekociaki&#8221; Zesp\u00f3\u0142 Folklorystyczny KLEKOCIAKI dzia\u0142a od 1962 roku przy Gminnym O\u015brodku Kultury w Bo\u0107kach i reprezentuje folklor Podlasia. Za\u0142o\u017cony zosta\u0142 przez Genowef\u0119 \u0141ucjan i Miko\u0142aja Turkowicza. Pocz\u0105tkowo by\u0142 to zesp\u00f3\u0142 pie\u015bniarzy ludowych, obecnie za\u015b sk\u0142ada si\u0119 z grupy \u015bpiewaczej, kapeli i tancerzy. Charakterystyczna dla zespo\u0142u \u2013 od pocz\u0105tku jego istnienia, a\u017c po\u00a0dzie\u0144 [&hellip;]","og_url":"https:\/\/gokbocki.pl\/index.php\/zespol-folklorystyczny-klekociaki\/","og_site_name":"Gminny O\u015brodek Kultury w Bo\u0107kach","article_modified_time":"2019-03-28T09:21:32+00:00","og_image":[{"url":"http:\/\/gokbocki.pl\/wp-content\/uploads\/2019\/03\/untitled-70-1024x683.jpg"}],"twitter_card":"summary_large_image","twitter_misc":{"Szacowany czas czytania":"2 minuty"},"schema":{"@context":"https:\/\/schema.org","@graph":[{"@type":"WebPage","@id":"https:\/\/gokbocki.pl\/index.php\/zespol-folklorystyczny-klekociaki\/","url":"https:\/\/gokbocki.pl\/index.php\/zespol-folklorystyczny-klekociaki\/","name":"Zesp\u00f3\u0142 Folklorystyczny \"Klekociaki\" - Gminny O\u015brodek Kultury w Bo\u0107kach","isPartOf":{"@id":"https:\/\/gokbocki.pl\/#website"},"datePublished":"2019-03-27T10:32:22+00:00","dateModified":"2019-03-28T09:21:32+00:00","breadcrumb":{"@id":"https:\/\/gokbocki.pl\/index.php\/zespol-folklorystyczny-klekociaki\/#breadcrumb"},"inLanguage":"pl-PL","potentialAction":[{"@type":"ReadAction","target":["https:\/\/gokbocki.pl\/index.php\/zespol-folklorystyczny-klekociaki\/"]}]},{"@type":"BreadcrumbList","@id":"https:\/\/gokbocki.pl\/index.php\/zespol-folklorystyczny-klekociaki\/#breadcrumb","itemListElement":[{"@type":"ListItem","position":1,"name":"Strona g\u0142\u00f3wna","item":"https:\/\/gokbocki.pl\/"},{"@type":"ListItem","position":2,"name":"Zesp\u00f3\u0142 Folklorystyczny &#8222;Klekociaki&#8221;"}]},{"@type":"WebSite","@id":"https:\/\/gokbocki.pl\/#website","url":"https:\/\/gokbocki.pl\/","name":"Gminny O\u015brodek Kultury w Bo\u0107kach","description":"GOK BO\u0106KI","potentialAction":[{"@type":"SearchAction","target":{"@type":"EntryPoint","urlTemplate":"https:\/\/gokbocki.pl\/?s={search_term_string}"},"query-input":"required name=search_term_string"}],"inLanguage":"pl-PL"}]}},"_links":{"self":[{"href":"https:\/\/gokbocki.pl\/index.php\/wp-json\/wp\/v2\/pages\/49"}],"collection":[{"href":"https:\/\/gokbocki.pl\/index.php\/wp-json\/wp\/v2\/pages"}],"about":[{"href":"https:\/\/gokbocki.pl\/index.php\/wp-json\/wp\/v2\/types\/page"}],"author":[{"embeddable":true,"href":"https:\/\/gokbocki.pl\/index.php\/wp-json\/wp\/v2\/users\/1"}],"replies":[{"embeddable":true,"href":"https:\/\/gokbocki.pl\/index.php\/wp-json\/wp\/v2\/comments?post=49"}],"version-history":[{"count":6,"href":"https:\/\/gokbocki.pl\/index.php\/wp-json\/wp\/v2\/pages\/49\/revisions"}],"predecessor-version":[{"id":183,"href":"https:\/\/gokbocki.pl\/index.php\/wp-json\/wp\/v2\/pages\/49\/revisions\/183"}],"wp:attachment":[{"href":"https:\/\/gokbocki.pl\/index.php\/wp-json\/wp\/v2\/media?parent=49"}],"curies":[{"name":"wp","href":"https:\/\/api.w.org\/{rel}","templated":true}]}}