{"id":51,"date":"2019-03-27T11:32:22","date_gmt":"2019-03-27T10:32:22","guid":{"rendered":"http:\/\/gokbocki.pl\/?page_id=51"},"modified":"2020-07-07T12:05:56","modified_gmt":"2020-07-07T10:05:56","slug":"klob-seniora-roze-jesieni","status":"publish","type":"page","link":"https:\/\/gokbocki.pl\/index.php\/klob-seniora-roze-jesieni\/","title":{"rendered":"Klub Seniora &#8222;R\u00f3\u017ce Jesieni&#8221;"},"content":{"rendered":"\n<figure class=\"wp-block-image\"><img decoding=\"async\" loading=\"lazy\" width=\"1024\" height=\"388\" src=\"http:\/\/gokbocki.pl\/wp-content\/uploads\/2019\/03\/16178957_366343437077767_6637540314963198578_o-1024x388.jpg\" alt=\"\" class=\"wp-image-135\" srcset=\"https:\/\/gokbocki.pl\/wp-content\/uploads\/2019\/03\/16178957_366343437077767_6637540314963198578_o-1024x388.jpg 1024w, https:\/\/gokbocki.pl\/wp-content\/uploads\/2019\/03\/16178957_366343437077767_6637540314963198578_o-300x114.jpg 300w, https:\/\/gokbocki.pl\/wp-content\/uploads\/2019\/03\/16178957_366343437077767_6637540314963198578_o-768x291.jpg 768w, https:\/\/gokbocki.pl\/wp-content\/uploads\/2019\/03\/16178957_366343437077767_6637540314963198578_o-850x322.jpg 850w, https:\/\/gokbocki.pl\/wp-content\/uploads\/2019\/03\/16178957_366343437077767_6637540314963198578_o.jpg 2048w\" sizes=\"(max-width: 1024px) 100vw, 1024px\" \/><\/figure>\n\n\n\n<p class=\"has-text-color has-normal-font-size has-very-dark-gray-color\">Klub Seniora &#8222;R\u00f3\u017ce Jesieni&#8221; pracuje przy Gminnym O\u015brodku Kultury w Bo\u0107kach, w kt\u00f3rym spotyka si\u0119 dwa razy <br>w tygodniu na intensywne pr\u00f3by scen teatralnych, skeczy kabaretowych oraz piosenek. Na swoim koncie ma wyst\u0119py na terenie: gminy, powiatu, wojew\u00f3dztwa, a tak\u017ce og\u00f3lnopolskim.<br>Klub mo\u017ce poszczyci\u0107 si\u0119 tak\u017ce wyr\u00f3\u017cnieniem podczas XIV FESTIWALU CH\u00d3R\u00d3W, KABARET\u00d3W I ZESPO\u0141\u00d3W SENIORA, a tak\u017ce II Miejscem w Kategorii Kabarety podczas XV FESTIWALU CH\u00d3R\u00d3W, KABARET\u00d3W I ZESPO\u0141\u00d3W SENIORA, kt\u00f3ry odbywa si\u0119 w Domu Kultury Zacisze w Warszawie, wyr\u00f3\u017cnienie podczas \u201cWojew\u00f3dzkiego Przegl\u0105du- Artystyczny Ruch Senior\u00f3w ARS 2018\u201d w Bia\u0142ymstoku.<br>Instruktorem jest zawodowy aktor Mateusz Sacharzewski, kt\u00f3ry pracuje z zespo\u0142em od oko\u0142o 6 lat, oraz J\u00f3zef Deniziak (akompaniator, aran\u017cer) kt\u00f3ry w wyj\u0105tkowy spos\u00f3b pracuje nad profesjonalnym brzmieniem zespo\u0142u.\u00a0 Obecnie zesp\u00f3\u0142 pracuje nad tekstami min. Stefanii Grodzie\u0144skiej oraz Jerzego Jurandota. Przez 10 lat dzia\u0142alno\u015bci zesp\u00f3\u0142 nazbiera\u0142 spory materia\u0142 sceniczny, kt\u00f3ry z sukcesami prezentuje na r\u00f3\u017cnych scenach w naszym kraju. <br>Program Kabaretowy \u201eDobrze jest tym babkom\u201d wyr\u00f3\u017cnia si\u0119 mi\u0119dzypokoleniowym wyd\u017awi\u0119kiem i tematyk\u0105, kt\u00f3ra porusza widowni\u0119 w ka\u017cdym wieku. Sk\u0142ada si\u0119 on ze scen i piosenek, kt\u00f3re przeprowadzaj\u0105 nas przez wszystkie mo\u017cliwe etapy zwi\u0105zku kobiety z m\u0119\u017cczyzn\u0105. Jest to program w kt\u00f3rym ka\u017cdy z nas mo\u017ce znale\u017a\u0107 cz\u0105stk\u0119 siebie lub\u2026 swojej drugiej po\u0142owy.<\/p>\n\n\n\n<p><\/p>\n","protected":false},"excerpt":{"rendered":"<p>Klub Seniora &#8222;R\u00f3\u017ce Jesieni&#8221; pracuje przy Gminnym O\u015brodku Kultury w Bo\u0107kach, w kt\u00f3rym spotyka si\u0119 dwa razy w tygodniu na intensywne pr\u00f3by scen teatralnych, skeczy kabaretowych oraz piosenek. Na swoim koncie ma wyst\u0119py na terenie: gminy, powiatu, wojew\u00f3dztwa, a tak\u017ce og\u00f3lnopolskim.Klub mo\u017ce poszczyci\u0107 si\u0119 tak\u017ce wyr\u00f3\u017cnieniem podczas XIV FESTIWALU CH\u00d3R\u00d3W, KABARET\u00d3W I ZESPO\u0141\u00d3W SENIORA, a [&hellip;]<\/p>\n","protected":false},"author":1,"featured_media":0,"parent":0,"menu_order":0,"comment_status":"closed","ping_status":"closed","template":"","meta":[],"yoast_head":"<!-- This site is optimized with the Yoast SEO plugin v20.2.1 - https:\/\/yoast.com\/wordpress\/plugins\/seo\/ -->\n<title>Klub Seniora &quot;R\u00f3\u017ce Jesieni&quot; - Gminny O\u015brodek Kultury w Bo\u0107kach<\/title>\n<meta name=\"robots\" content=\"index, follow, max-snippet:-1, max-image-preview:large, max-video-preview:-1\" \/>\n<link rel=\"canonical\" href=\"https:\/\/gokbocki.pl\/index.php\/klob-seniora-roze-jesieni\/\" \/>\n<meta property=\"og:locale\" content=\"pl_PL\" \/>\n<meta property=\"og:type\" content=\"article\" \/>\n<meta property=\"og:title\" content=\"Klub Seniora &quot;R\u00f3\u017ce Jesieni&quot; - Gminny O\u015brodek Kultury w Bo\u0107kach\" \/>\n<meta property=\"og:description\" content=\"Klub Seniora &#8222;R\u00f3\u017ce Jesieni&#8221; pracuje przy Gminnym O\u015brodku Kultury w Bo\u0107kach, w kt\u00f3rym spotyka si\u0119 dwa razy w tygodniu na intensywne pr\u00f3by scen teatralnych, skeczy kabaretowych oraz piosenek. Na swoim koncie ma wyst\u0119py na terenie: gminy, powiatu, wojew\u00f3dztwa, a tak\u017ce og\u00f3lnopolskim.Klub mo\u017ce poszczyci\u0107 si\u0119 tak\u017ce wyr\u00f3\u017cnieniem podczas XIV FESTIWALU CH\u00d3R\u00d3W, KABARET\u00d3W I ZESPO\u0141\u00d3W SENIORA, a [&hellip;]\" \/>\n<meta property=\"og:url\" content=\"https:\/\/gokbocki.pl\/index.php\/klob-seniora-roze-jesieni\/\" \/>\n<meta property=\"og:site_name\" content=\"Gminny O\u015brodek Kultury w Bo\u0107kach\" \/>\n<meta property=\"article:modified_time\" content=\"2020-07-07T10:05:56+00:00\" \/>\n<meta property=\"og:image\" content=\"http:\/\/gokbocki.pl\/wp-content\/uploads\/2019\/03\/16178957_366343437077767_6637540314963198578_o-1024x388.jpg\" \/>\n<meta name=\"twitter:card\" content=\"summary_large_image\" \/>\n<meta name=\"twitter:label1\" content=\"Szacowany czas czytania\" \/>\n\t<meta name=\"twitter:data1\" content=\"1 minuta\" \/>\n<script type=\"application\/ld+json\" class=\"yoast-schema-graph\">{\"@context\":\"https:\/\/schema.org\",\"@graph\":[{\"@type\":\"WebPage\",\"@id\":\"https:\/\/gokbocki.pl\/index.php\/klob-seniora-roze-jesieni\/\",\"url\":\"https:\/\/gokbocki.pl\/index.php\/klob-seniora-roze-jesieni\/\",\"name\":\"Klub Seniora \\\"R\u00f3\u017ce Jesieni\\\" - Gminny O\u015brodek Kultury w Bo\u0107kach\",\"isPartOf\":{\"@id\":\"https:\/\/gokbocki.pl\/#website\"},\"datePublished\":\"2019-03-27T10:32:22+00:00\",\"dateModified\":\"2020-07-07T10:05:56+00:00\",\"breadcrumb\":{\"@id\":\"https:\/\/gokbocki.pl\/index.php\/klob-seniora-roze-jesieni\/#breadcrumb\"},\"inLanguage\":\"pl-PL\",\"potentialAction\":[{\"@type\":\"ReadAction\",\"target\":[\"https:\/\/gokbocki.pl\/index.php\/klob-seniora-roze-jesieni\/\"]}]},{\"@type\":\"BreadcrumbList\",\"@id\":\"https:\/\/gokbocki.pl\/index.php\/klob-seniora-roze-jesieni\/#breadcrumb\",\"itemListElement\":[{\"@type\":\"ListItem\",\"position\":1,\"name\":\"Strona g\u0142\u00f3wna\",\"item\":\"https:\/\/gokbocki.pl\/\"},{\"@type\":\"ListItem\",\"position\":2,\"name\":\"Klub Seniora &#8222;R\u00f3\u017ce Jesieni&#8221;\"}]},{\"@type\":\"WebSite\",\"@id\":\"https:\/\/gokbocki.pl\/#website\",\"url\":\"https:\/\/gokbocki.pl\/\",\"name\":\"Gminny O\u015brodek Kultury w Bo\u0107kach\",\"description\":\"GOK BO\u0106KI\",\"potentialAction\":[{\"@type\":\"SearchAction\",\"target\":{\"@type\":\"EntryPoint\",\"urlTemplate\":\"https:\/\/gokbocki.pl\/?s={search_term_string}\"},\"query-input\":\"required name=search_term_string\"}],\"inLanguage\":\"pl-PL\"}]}<\/script>\n<!-- \/ Yoast SEO plugin. -->","yoast_head_json":{"title":"Klub Seniora \"R\u00f3\u017ce Jesieni\" - Gminny O\u015brodek Kultury w Bo\u0107kach","robots":{"index":"index","follow":"follow","max-snippet":"max-snippet:-1","max-image-preview":"max-image-preview:large","max-video-preview":"max-video-preview:-1"},"canonical":"https:\/\/gokbocki.pl\/index.php\/klob-seniora-roze-jesieni\/","og_locale":"pl_PL","og_type":"article","og_title":"Klub Seniora \"R\u00f3\u017ce Jesieni\" - Gminny O\u015brodek Kultury w Bo\u0107kach","og_description":"Klub Seniora &#8222;R\u00f3\u017ce Jesieni&#8221; pracuje przy Gminnym O\u015brodku Kultury w Bo\u0107kach, w kt\u00f3rym spotyka si\u0119 dwa razy w tygodniu na intensywne pr\u00f3by scen teatralnych, skeczy kabaretowych oraz piosenek. Na swoim koncie ma wyst\u0119py na terenie: gminy, powiatu, wojew\u00f3dztwa, a tak\u017ce og\u00f3lnopolskim.Klub mo\u017ce poszczyci\u0107 si\u0119 tak\u017ce wyr\u00f3\u017cnieniem podczas XIV FESTIWALU CH\u00d3R\u00d3W, KABARET\u00d3W I ZESPO\u0141\u00d3W SENIORA, a [&hellip;]","og_url":"https:\/\/gokbocki.pl\/index.php\/klob-seniora-roze-jesieni\/","og_site_name":"Gminny O\u015brodek Kultury w Bo\u0107kach","article_modified_time":"2020-07-07T10:05:56+00:00","og_image":[{"url":"http:\/\/gokbocki.pl\/wp-content\/uploads\/2019\/03\/16178957_366343437077767_6637540314963198578_o-1024x388.jpg"}],"twitter_card":"summary_large_image","twitter_misc":{"Szacowany czas czytania":"1 minuta"},"schema":{"@context":"https:\/\/schema.org","@graph":[{"@type":"WebPage","@id":"https:\/\/gokbocki.pl\/index.php\/klob-seniora-roze-jesieni\/","url":"https:\/\/gokbocki.pl\/index.php\/klob-seniora-roze-jesieni\/","name":"Klub Seniora \"R\u00f3\u017ce Jesieni\" - Gminny O\u015brodek Kultury w Bo\u0107kach","isPartOf":{"@id":"https:\/\/gokbocki.pl\/#website"},"datePublished":"2019-03-27T10:32:22+00:00","dateModified":"2020-07-07T10:05:56+00:00","breadcrumb":{"@id":"https:\/\/gokbocki.pl\/index.php\/klob-seniora-roze-jesieni\/#breadcrumb"},"inLanguage":"pl-PL","potentialAction":[{"@type":"ReadAction","target":["https:\/\/gokbocki.pl\/index.php\/klob-seniora-roze-jesieni\/"]}]},{"@type":"BreadcrumbList","@id":"https:\/\/gokbocki.pl\/index.php\/klob-seniora-roze-jesieni\/#breadcrumb","itemListElement":[{"@type":"ListItem","position":1,"name":"Strona g\u0142\u00f3wna","item":"https:\/\/gokbocki.pl\/"},{"@type":"ListItem","position":2,"name":"Klub Seniora &#8222;R\u00f3\u017ce Jesieni&#8221;"}]},{"@type":"WebSite","@id":"https:\/\/gokbocki.pl\/#website","url":"https:\/\/gokbocki.pl\/","name":"Gminny O\u015brodek Kultury w Bo\u0107kach","description":"GOK BO\u0106KI","potentialAction":[{"@type":"SearchAction","target":{"@type":"EntryPoint","urlTemplate":"https:\/\/gokbocki.pl\/?s={search_term_string}"},"query-input":"required name=search_term_string"}],"inLanguage":"pl-PL"}]}},"_links":{"self":[{"href":"https:\/\/gokbocki.pl\/index.php\/wp-json\/wp\/v2\/pages\/51"}],"collection":[{"href":"https:\/\/gokbocki.pl\/index.php\/wp-json\/wp\/v2\/pages"}],"about":[{"href":"https:\/\/gokbocki.pl\/index.php\/wp-json\/wp\/v2\/types\/page"}],"author":[{"embeddable":true,"href":"https:\/\/gokbocki.pl\/index.php\/wp-json\/wp\/v2\/users\/1"}],"replies":[{"embeddable":true,"href":"https:\/\/gokbocki.pl\/index.php\/wp-json\/wp\/v2\/comments?post=51"}],"version-history":[{"count":7,"href":"https:\/\/gokbocki.pl\/index.php\/wp-json\/wp\/v2\/pages\/51\/revisions"}],"predecessor-version":[{"id":2461,"href":"https:\/\/gokbocki.pl\/index.php\/wp-json\/wp\/v2\/pages\/51\/revisions\/2461"}],"wp:attachment":[{"href":"https:\/\/gokbocki.pl\/index.php\/wp-json\/wp\/v2\/media?parent=51"}],"curies":[{"name":"wp","href":"https:\/\/api.w.org\/{rel}","templated":true}]}}