{"id":7,"date":"2019-03-27T09:58:09","date_gmt":"2019-03-27T08:58:09","guid":{"rendered":"http:\/\/gokbocki.pl\/?page_id=7"},"modified":"2023-04-03T17:08:18","modified_gmt":"2023-04-03T15:08:18","slug":"test","status":"publish","type":"page","link":"https:\/\/gokbocki.pl\/index.php\/test\/","title":{"rendered":"Kontakt"},"content":{"rendered":"\n<p><\/p>\n\n\n\n<p class=\"has-black-color has-text-color\">Gminny O\u015brodek Kultury w Bo\u0107kach<br>ul. Dubie\u0144ska 11<br>17-111 Bo\u0107ki<br>tel.\/fax.: 85 731 30 43<br>NIP: 543-17-46-876<br>REGON: 050346774<br>mail: gok@gokbocki.pl<\/p>\n\n\n\n<p class=\"has-black-color has-text-color\">Dyrektor Gminnego O\u015brodka Kultury w Bo\u0107kach<br>Mateusz Sacharzewski <br>m.sacharzewski@gokbocki.pl <br><strong>Tel.: 517-069-749<\/strong><\/p>\n\n\n\n<p>Pracownicy:<br><strong>Marek Krzyki  <br><\/strong>m.krzycki@gokbocki.pl  <\/p>\n\n\n\n<p><strong>Krzysztof Olejniczak<\/strong><\/p>\n\n\n\n<p>krzysztof.olejniczak@gokbocki.pl<\/p>\n\n\n\n<p><strong>Anna Wilczko<br><\/strong>a.wilczko@gokbocki.pl<\/p>\n\n\n\n<p>Godziny pracy GOK-u:<br>Poniedzia\u0142ek  \u2013  8<sup>.00<\/sup> \u2013 16<sup>00<\/sup><br>Wtorek            \u2013  8<sup>.00<\/sup> \u2013 16<sup>00<\/sup> <br>\u015aroda               \u2013  8<sup>00<\/sup> \u2013 16<sup>00<\/sup> <br>Czwartek        \u2013  8<sup>00<\/sup> \u2013 16<sup>00<\/sup> <br>Pi\u0105tek              \u2013  8<sup>00<\/sup> \u2013 22<sup>00<\/sup> <br><br><\/p>\n","protected":false},"excerpt":{"rendered":"<p>Gminny O\u015brodek Kultury w Bo\u0107kachul. Dubie\u0144ska 1117-111 Bo\u0107kitel.\/fax.: 85 731 30 43NIP: 543-17-46-876REGON: 050346774mail: gok@gokbocki.pl Dyrektor Gminnego O\u015brodka Kultury w Bo\u0107kachMateusz Sacharzewski m.sacharzewski@gokbocki.pl Tel.: 517-069-749 Pracownicy:Marek Krzyki m.krzycki@gokbocki.pl Krzysztof Olejniczak krzysztof.olejniczak@gokbocki.pl Anna Wilczkoa.wilczko@gokbocki.pl Godziny pracy GOK-u:Poniedzia\u0142ek \u2013 8.00 \u2013 1600Wtorek \u2013 8.00 \u2013 1600 \u015aroda \u2013 800 \u2013 1600 Czwartek \u2013 800 \u2013 1600 Pi\u0105tek [&hellip;]<\/p>\n","protected":false},"author":1,"featured_media":0,"parent":0,"menu_order":0,"comment_status":"closed","ping_status":"closed","template":"","meta":[],"yoast_head":"<!-- This site is optimized with the Yoast SEO plugin v20.2.1 - https:\/\/yoast.com\/wordpress\/plugins\/seo\/ -->\n<title>Kontakt - Gminny O\u015brodek Kultury w Bo\u0107kach<\/title>\n<meta name=\"robots\" content=\"index, follow, max-snippet:-1, max-image-preview:large, max-video-preview:-1\" \/>\n<link rel=\"canonical\" href=\"https:\/\/gokbocki.pl\/index.php\/test\/\" \/>\n<meta property=\"og:locale\" content=\"pl_PL\" \/>\n<meta property=\"og:type\" content=\"article\" \/>\n<meta property=\"og:title\" content=\"Kontakt - Gminny O\u015brodek Kultury w Bo\u0107kach\" \/>\n<meta property=\"og:description\" content=\"Gminny O\u015brodek Kultury w Bo\u0107kachul. Dubie\u0144ska 1117-111 Bo\u0107kitel.\/fax.: 85 731 30 43NIP: 543-17-46-876REGON: 050346774mail: gok@gokbocki.pl Dyrektor Gminnego O\u015brodka Kultury w Bo\u0107kachMateusz Sacharzewski m.sacharzewski@gokbocki.pl Tel.: 517-069-749 Pracownicy:Marek Krzyki m.krzycki@gokbocki.pl Krzysztof Olejniczak krzysztof.olejniczak@gokbocki.pl Anna Wilczkoa.wilczko@gokbocki.pl Godziny pracy GOK-u:Poniedzia\u0142ek \u2013 8.00 \u2013 1600Wtorek \u2013 8.00 \u2013 1600 \u015aroda \u2013 800 \u2013 1600 Czwartek \u2013 800 \u2013 1600 Pi\u0105tek [&hellip;]\" \/>\n<meta property=\"og:url\" content=\"https:\/\/gokbocki.pl\/index.php\/test\/\" \/>\n<meta property=\"og:site_name\" content=\"Gminny O\u015brodek Kultury w Bo\u0107kach\" \/>\n<meta property=\"article:modified_time\" content=\"2023-04-03T15:08:18+00:00\" \/>\n<meta name=\"twitter:card\" content=\"summary_large_image\" \/>\n<meta name=\"twitter:label1\" content=\"Szacowany czas czytania\" \/>\n\t<meta name=\"twitter:data1\" content=\"1 minuta\" \/>\n<script type=\"application\/ld+json\" class=\"yoast-schema-graph\">{\"@context\":\"https:\/\/schema.org\",\"@graph\":[{\"@type\":\"WebPage\",\"@id\":\"https:\/\/gokbocki.pl\/index.php\/test\/\",\"url\":\"https:\/\/gokbocki.pl\/index.php\/test\/\",\"name\":\"Kontakt - Gminny O\u015brodek Kultury w Bo\u0107kach\",\"isPartOf\":{\"@id\":\"https:\/\/gokbocki.pl\/#website\"},\"datePublished\":\"2019-03-27T08:58:09+00:00\",\"dateModified\":\"2023-04-03T15:08:18+00:00\",\"breadcrumb\":{\"@id\":\"https:\/\/gokbocki.pl\/index.php\/test\/#breadcrumb\"},\"inLanguage\":\"pl-PL\",\"potentialAction\":[{\"@type\":\"ReadAction\",\"target\":[\"https:\/\/gokbocki.pl\/index.php\/test\/\"]}]},{\"@type\":\"BreadcrumbList\",\"@id\":\"https:\/\/gokbocki.pl\/index.php\/test\/#breadcrumb\",\"itemListElement\":[{\"@type\":\"ListItem\",\"position\":1,\"name\":\"Strona g\u0142\u00f3wna\",\"item\":\"https:\/\/gokbocki.pl\/\"},{\"@type\":\"ListItem\",\"position\":2,\"name\":\"Kontakt\"}]},{\"@type\":\"WebSite\",\"@id\":\"https:\/\/gokbocki.pl\/#website\",\"url\":\"https:\/\/gokbocki.pl\/\",\"name\":\"Gminny O\u015brodek Kultury w Bo\u0107kach\",\"description\":\"GOK BO\u0106KI\",\"potentialAction\":[{\"@type\":\"SearchAction\",\"target\":{\"@type\":\"EntryPoint\",\"urlTemplate\":\"https:\/\/gokbocki.pl\/?s={search_term_string}\"},\"query-input\":\"required name=search_term_string\"}],\"inLanguage\":\"pl-PL\"}]}<\/script>\n<!-- \/ Yoast SEO plugin. -->","yoast_head_json":{"title":"Kontakt - Gminny O\u015brodek Kultury w Bo\u0107kach","robots":{"index":"index","follow":"follow","max-snippet":"max-snippet:-1","max-image-preview":"max-image-preview:large","max-video-preview":"max-video-preview:-1"},"canonical":"https:\/\/gokbocki.pl\/index.php\/test\/","og_locale":"pl_PL","og_type":"article","og_title":"Kontakt - Gminny O\u015brodek Kultury w Bo\u0107kach","og_description":"Gminny O\u015brodek Kultury w Bo\u0107kachul. Dubie\u0144ska 1117-111 Bo\u0107kitel.\/fax.: 85 731 30 43NIP: 543-17-46-876REGON: 050346774mail: gok@gokbocki.pl Dyrektor Gminnego O\u015brodka Kultury w Bo\u0107kachMateusz Sacharzewski m.sacharzewski@gokbocki.pl Tel.: 517-069-749 Pracownicy:Marek Krzyki m.krzycki@gokbocki.pl Krzysztof Olejniczak krzysztof.olejniczak@gokbocki.pl Anna Wilczkoa.wilczko@gokbocki.pl Godziny pracy GOK-u:Poniedzia\u0142ek \u2013 8.00 \u2013 1600Wtorek \u2013 8.00 \u2013 1600 \u015aroda \u2013 800 \u2013 1600 Czwartek \u2013 800 \u2013 1600 Pi\u0105tek [&hellip;]","og_url":"https:\/\/gokbocki.pl\/index.php\/test\/","og_site_name":"Gminny O\u015brodek Kultury w Bo\u0107kach","article_modified_time":"2023-04-03T15:08:18+00:00","twitter_card":"summary_large_image","twitter_misc":{"Szacowany czas czytania":"1 minuta"},"schema":{"@context":"https:\/\/schema.org","@graph":[{"@type":"WebPage","@id":"https:\/\/gokbocki.pl\/index.php\/test\/","url":"https:\/\/gokbocki.pl\/index.php\/test\/","name":"Kontakt - Gminny O\u015brodek Kultury w Bo\u0107kach","isPartOf":{"@id":"https:\/\/gokbocki.pl\/#website"},"datePublished":"2019-03-27T08:58:09+00:00","dateModified":"2023-04-03T15:08:18+00:00","breadcrumb":{"@id":"https:\/\/gokbocki.pl\/index.php\/test\/#breadcrumb"},"inLanguage":"pl-PL","potentialAction":[{"@type":"ReadAction","target":["https:\/\/gokbocki.pl\/index.php\/test\/"]}]},{"@type":"BreadcrumbList","@id":"https:\/\/gokbocki.pl\/index.php\/test\/#breadcrumb","itemListElement":[{"@type":"ListItem","position":1,"name":"Strona g\u0142\u00f3wna","item":"https:\/\/gokbocki.pl\/"},{"@type":"ListItem","position":2,"name":"Kontakt"}]},{"@type":"WebSite","@id":"https:\/\/gokbocki.pl\/#website","url":"https:\/\/gokbocki.pl\/","name":"Gminny O\u015brodek Kultury w Bo\u0107kach","description":"GOK BO\u0106KI","potentialAction":[{"@type":"SearchAction","target":{"@type":"EntryPoint","urlTemplate":"https:\/\/gokbocki.pl\/?s={search_term_string}"},"query-input":"required name=search_term_string"}],"inLanguage":"pl-PL"}]}},"_links":{"self":[{"href":"https:\/\/gokbocki.pl\/index.php\/wp-json\/wp\/v2\/pages\/7"}],"collection":[{"href":"https:\/\/gokbocki.pl\/index.php\/wp-json\/wp\/v2\/pages"}],"about":[{"href":"https:\/\/gokbocki.pl\/index.php\/wp-json\/wp\/v2\/types\/page"}],"author":[{"embeddable":true,"href":"https:\/\/gokbocki.pl\/index.php\/wp-json\/wp\/v2\/users\/1"}],"replies":[{"embeddable":true,"href":"https:\/\/gokbocki.pl\/index.php\/wp-json\/wp\/v2\/comments?post=7"}],"version-history":[{"count":15,"href":"https:\/\/gokbocki.pl\/index.php\/wp-json\/wp\/v2\/pages\/7\/revisions"}],"predecessor-version":[{"id":4227,"href":"https:\/\/gokbocki.pl\/index.php\/wp-json\/wp\/v2\/pages\/7\/revisions\/4227"}],"wp:attachment":[{"href":"https:\/\/gokbocki.pl\/index.php\/wp-json\/wp\/v2\/media?parent=7"}],"curies":[{"name":"wp","href":"https:\/\/api.w.org\/{rel}","templated":true}]}}